{"id":10,"date":"2020-09-17T11:40:43","date_gmt":"2020-09-17T11:40:43","guid":{"rendered":"http:\/\/www.ayhanetyemez.com\/?page_id=10"},"modified":"2020-11-25T21:19:00","modified_gmt":"2020-11-25T21:19:00","slug":"bize-ulasin","status":"publish","type":"page","link":"http:\/\/www.ayhanetyemez.com\/index.php\/bize-ulasin\/","title":{"rendered":""},"content":{"rendered":"\n<p class=\"has-text-align-center has-normal-font-size\"><strong>AYHAN ETYEMEZ<\/strong><\/p>\n\n\n\n<div class=\"wp-block-media-text alignwide is-stacked-on-mobile\" style=\"grid-template-columns:15% auto\"><figure class=\"wp-block-media-text__media\"><img loading=\"lazy\" decoding=\"async\" width=\"278\" height=\"196\" src=\"http:\/\/www.ayhanetyemez.com\/wp-content\/uploads\/2020\/11\/gps-exito.png\" alt=\"\" class=\"wp-image-193\"\/><\/figure><div class=\"wp-block-media-text__content\">\n<p style=\"font-size:14px\">K\u00fc\u00e7\u00fckyal\u0131 \u0130\u015f Merkezi A Blok No:5 Maltepe \/ \u0130stanbul \/ T\u00dcRK\u0130YE<\/p>\n<\/div><\/div>\n\n\n\n<div class=\"wp-block-media-text alignwide is-stacked-on-mobile\" style=\"grid-template-columns:15% auto\"><figure class=\"wp-block-media-text__media\"><img loading=\"lazy\" decoding=\"async\" width=\"128\" height=\"128\" src=\"http:\/\/www.ayhanetyemez.com\/wp-content\/uploads\/2020\/11\/red_phone.png\" alt=\"\" class=\"wp-image-195\"\/><\/figure><div class=\"wp-block-media-text__content\">\n<p style=\"font-size:18px\">+90 216 518 10 10<\/p>\n<\/div><\/div>\n\n\n\n<div class=\"wp-block-media-text alignwide is-stacked-on-mobile\" style=\"grid-template-columns:15% auto\"><figure class=\"wp-block-media-text__media\"><img loading=\"lazy\" decoding=\"async\" width=\"351\" height=\"353\" src=\"http:\/\/www.ayhanetyemez.com\/wp-content\/uploads\/2020\/11\/icono-email.png\" alt=\"\" class=\"wp-image-191\" srcset=\"http:\/\/www.ayhanetyemez.com\/wp-content\/uploads\/2020\/11\/icono-email.png 351w, http:\/\/www.ayhanetyemez.com\/wp-content\/uploads\/2020\/11\/icono-email-298x300.png 298w, http:\/\/www.ayhanetyemez.com\/wp-content\/uploads\/2020\/11\/icono-email-150x150.png 150w\" sizes=\"(max-width: 351px) 100vw, 351px\" \/><\/figure><div class=\"wp-block-media-text__content\">\n<p class=\"has-normal-font-size\"><a href=\"mailto:no-reply@domain.com\">ayhan@ayhanetyemez.com<\/a><\/p>\n<\/div><\/div>\n\n\n\n<ul class=\"wp-block-social-links aligncenter is-layout-flex wp-block-social-links-is-layout-flex\">\n\n<li class=\"wp-social-link wp-social-link-facebook  wp-block-social-link\"><a href=\"https:\/\/www.facebook.com\/Dr.Ayhan.ETYEMEZ\" class=\"wp-block-social-link-anchor\"><svg width=\"24\" height=\"24\" viewBox=\"0 0 24 24\" version=\"1.1\" xmlns=\"http:\/\/www.w3.org\/2000\/svg\" aria-hidden=\"true\" focusable=\"false\"><path d=\"M12 2C6.5 2 2 6.5 2 12c0 5 3.7 9.1 8.4 9.9v-7H7.9V12h2.5V9.8c0-2.5 1.5-3.9 3.8-3.9 1.1 0 2.2.2 2.2.2v2.5h-1.3c-1.2 0-1.6.8-1.6 1.6V12h2.8l-.4 2.9h-2.3v7C18.3 21.1 22 17 22 12c0-5.5-4.5-10-10-10z\"><\/path><\/svg><span class=\"wp-block-social-link-label screen-reader-text\">Facebook<\/span><\/a><\/li>\n\n<li class=\"wp-social-link wp-social-link-twitter  wp-block-social-link\"><a href=\"https:\/\/#\" class=\"wp-block-social-link-anchor\"><svg width=\"24\" height=\"24\" viewBox=\"0 0 24 24\" version=\"1.1\" xmlns=\"http:\/\/www.w3.org\/2000\/svg\" aria-hidden=\"true\" focusable=\"false\"><path d=\"M22.23,5.924c-0.736,0.326-1.527,0.547-2.357,0.646c0.847-0.508,1.498-1.312,1.804-2.27 c-0.793,0.47-1.671,0.812-2.606,0.996C18.324,4.498,17.257,4,16.077,4c-2.266,0-4.103,1.837-4.103,4.103 c0,0.322,0.036,0.635,0.106,0.935C8.67,8.867,5.647,7.234,3.623,4.751C3.27,5.357,3.067,6.062,3.067,6.814 c0,1.424,0.724,2.679,1.825,3.415c-0.673-0.021-1.305-0.206-1.859-0.513c0,0.017,0,0.034,0,0.052c0,1.988,1.414,3.647,3.292,4.023 c-0.344,0.094-0.707,0.144-1.081,0.144c-0.264,0-0.521-0.026-0.772-0.074c0.522,1.63,2.038,2.816,3.833,2.85 c-1.404,1.1-3.174,1.756-5.096,1.756c-0.331,0-0.658-0.019-0.979-0.057c1.816,1.164,3.973,1.843,6.29,1.843 c7.547,0,11.675-6.252,11.675-11.675c0-0.178-0.004-0.355-0.012-0.531C20.985,7.47,21.68,6.747,22.23,5.924z\"><\/path><\/svg><span class=\"wp-block-social-link-label screen-reader-text\">Twitter<\/span><\/a><\/li>\n\n\n\n<li class=\"wp-social-link wp-social-link-linkedin  wp-block-social-link\"><a href=\"https:\/\/tr.linkedin.com\/in\/dr-ayhan-etyemez-10842730\" class=\"wp-block-social-link-anchor\"><svg width=\"24\" height=\"24\" viewBox=\"0 0 24 24\" version=\"1.1\" xmlns=\"http:\/\/www.w3.org\/2000\/svg\" aria-hidden=\"true\" focusable=\"false\"><path d=\"M19.7,3H4.3C3.582,3,3,3.582,3,4.3v15.4C3,20.418,3.582,21,4.3,21h15.4c0.718,0,1.3-0.582,1.3-1.3V4.3 C21,3.582,20.418,3,19.7,3z M8.339,18.338H5.667v-8.59h2.672V18.338z M7.004,8.574c-0.857,0-1.549-0.694-1.549-1.548 c0-0.855,0.691-1.548,1.549-1.548c0.854,0,1.547,0.694,1.547,1.548C8.551,7.881,7.858,8.574,7.004,8.574z M18.339,18.338h-2.669 v-4.177c0-0.996-0.017-2.278-1.387-2.278c-1.389,0-1.601,1.086-1.601,2.206v4.249h-2.667v-8.59h2.559v1.174h0.037 c0.356-0.675,1.227-1.387,2.526-1.387c2.703,0,3.203,1.779,3.203,4.092V18.338z\"><\/path><\/svg><span class=\"wp-block-social-link-label screen-reader-text\">LinkedIn<\/span><\/a><\/li>\n\n<\/ul>\n","protected":false},"excerpt":{"rendered":"<p>AYHAN ETYEMEZ K\u00fc\u00e7\u00fckyal\u0131 \u0130\u015f Merkezi A Blok No:5 Maltepe \/ \u0130stanbul \/ T\u00dcRK\u0130YE +90 216 518 10 10 ayhan@ayhanetyemez.com<\/p>\n","protected":false},"author":1,"featured_media":29,"parent":0,"menu_order":0,"comment_status":"closed","ping_status":"open","template":"quality-page-builder-default.php","meta":{"footnotes":""},"_links":{"self":[{"href":"http:\/\/www.ayhanetyemez.com\/index.php\/wp-json\/wp\/v2\/pages\/10"}],"collection":[{"href":"http:\/\/www.ayhanetyemez.com\/index.php\/wp-json\/wp\/v2\/pages"}],"about":[{"href":"http:\/\/www.ayhanetyemez.com\/index.php\/wp-json\/wp\/v2\/types\/page"}],"author":[{"embeddable":true,"href":"http:\/\/www.ayhanetyemez.com\/index.php\/wp-json\/wp\/v2\/users\/1"}],"replies":[{"embeddable":true,"href":"http:\/\/www.ayhanetyemez.com\/index.php\/wp-json\/wp\/v2\/comments?post=10"}],"version-history":[{"count":10,"href":"http:\/\/www.ayhanetyemez.com\/index.php\/wp-json\/wp\/v2\/pages\/10\/revisions"}],"predecessor-version":[{"id":198,"href":"http:\/\/www.ayhanetyemez.com\/index.php\/wp-json\/wp\/v2\/pages\/10\/revisions\/198"}],"wp:featuredmedia":[{"embeddable":true,"href":"http:\/\/www.ayhanetyemez.com\/index.php\/wp-json\/wp\/v2\/media\/29"}],"wp:attachment":[{"href":"http:\/\/www.ayhanetyemez.com\/index.php\/wp-json\/wp\/v2\/media?parent=10"}],"curies":[{"name":"wp","href":"https:\/\/api.w.org\/{rel}","templated":true}]}}